{"id":5,"date":"2016-04-28T04:32:15","date_gmt":"2016-04-28T04:32:15","guid":{"rendered":"http:\/\/localhost\/kriya\/?page_id=5"},"modified":"2020-05-26T18:00:45","modified_gmt":"2020-05-26T16:00:45","slug":"contact-me","status":"publish","type":"page","link":"https:\/\/junewhittaker.com\/it\/contact-me\/","title":{"rendered":"Contatti"},"content":{"rendered":"<section class=\"wpb-content-wrapper\"><div data-vc-full-width=\"true\" data-vc-full-width-init=\"false\" class=\"vc_row wpb_row vc_row-fluid vc_nopadding_override_xs vc_custom_1468395702227 vc_row-has-fill\"  style='background-position: right bottom !important;' ><div class=\"dt-sc-skin-highlight extend-bg-fullwidth-left wpb_column vc_column_container vc_col-sm-6\"><div class=\"vc_column-inner vc_custom_1465629591524\"><div class=\"wpb_wrapper\"><div class=\"vc_empty_space\"   style=\"height: 32px\"><span class=\"vc_empty_space_inner\"><\/span><\/div><h2 style=\"font-size: 50px;color: #e5dbc1;line-height: normal;text-align: right;font-family:Satisfy;font-weight:400;font-style:normal; \" class=\"vc_custom_heading\">June Whittaker<\/h2><h2 style=\"font-size: 50px;color: #484338;text-align: right; letter-spacing: 0.3em;\" class=\"vc_custom_heading\">YOGI<\/h2>\n\t<div class=\"wpb_text_column wpb_content_element\" >\n\t\t<div class=\"wpb_wrapper\">\n\t\t\t<p class=\" translation-block\">La percezione mi dice che l\u2019insegnante di yoga rappresenta molte cose diverse per molte persone diverse. Io stessa potrei farne una descrizione in una miriade di modi diversi.\nNe scelgo una. L\u2019amore.<\/p>\n<p>Nell\u2019ambito di una lezione, o di un seminario, io faccio la parte dell\u2019insegnante e tu fai la parte dello studente. All\u2019interno di questo gioco di ruoli, e in questa luce, vediamo come il fatto che sia io a sedere davanti a te e non il contrario \u00e8 puramente legato alle circostanze.<\/p>\n<p>Imparo dalle nostre interazioni, cos\u00ec come fai tu, quindi l\u2019insegnamento \u00e8 senza dubbio reciproco, \u00e8 uno scambio.\nRicorda sempre che n\u00e9 io n\u00e9 nessun altro possiamo davvero insegnarti qualcosa, il nostro miglior insegnante siamo noi stessi. Ci\u00f2 che posso offrire \u00e8 la mia esperienza, dei suggerimenti, una guida, che ti accompagnino nel tuo viaggio.<\/p>\n<div>\n<div>Perch\u00e9 questo \u00e8 la pratica dello yoga: un viaggio, un\u2019investigazione infinita e senza un percorso predefinito, attraverso celebrazioni rituali dei nostri incredibili strumenti corporei, che sono sacri. Nel nome dell\u2019amore.<\/div>\n<\/div>\n\n\t\t<\/div>\n\t<\/div>\n<div class=\"vc_separator wpb_content_element vc_separator_align_center vc_sep_width_100 vc_sep_stitch-dashed vc_sep_pos_align_center vc_separator_no_text vc_custom_1465628512251  vc_custom_1465628512251\"><span class=\"vc_sep_holder vc_sep_holder_l\"><span  style=\"border-color:#e5dbc1;\" class=\"vc_sep_line\"><\/span><\/span><span class=\"vc_sep_holder vc_sep_holder_r\"><span  style=\"border-color:#e5dbc1;\" class=\"vc_sep_line\"><\/span><\/span>\n<\/div>\n\t<div class=\"wpb_text_column wpb_content_element\" >\n\t\t<div class=\"wpb_wrapper\">\n\t\t\t<h4 class=\" translation-block\">Non esitate a mettervi in contatto con me, potete mandarmi una mail qui:<strong><a href=\"mailto:junewp@gmail.com\" target=\"_self\"> junewp@gmail.com<\/a><\/strong><\/h4>\n\n\t\t<\/div>\n\t<\/div>\n<div class=\"vc_separator wpb_content_element vc_separator_align_center vc_sep_width_100 vc_sep_stitch-dashed vc_sep_pos_align_center vc_separator_no_text vc_custom_1465628512251  vc_custom_1465628512251\"><span class=\"vc_sep_holder vc_sep_holder_l\"><span  style=\"border-color:#e5dbc1;\" class=\"vc_sep_line\"><\/span><\/span><span class=\"vc_sep_holder vc_sep_holder_r\"><span  style=\"border-color:#e5dbc1;\" class=\"vc_sep_line\"><\/span><\/span>\n<\/div><div class=\"vc_empty_space\"   style=\"height: 16px\"><span class=\"vc_empty_space_inner\"><\/span><\/div><\/div><\/div><\/div><div class=\"wpb_column vc_column_container vc_col-sm-6 vc_col-has-fill\"><div class=\"vc_column-inner vc_custom_1465629598771\"><div class=\"wpb_wrapper\"><div class=\"vc_empty_space\"   style=\"height: 32px\"><span class=\"vc_empty_space_inner\"><\/span><\/div><div class=\"vc_tta-container\" data-vc-action=\"collapse\"><div class=\"vc_general vc_tta vc_tta-accordion vc_tta-color-skincolor vc_tta-style-bottomline vc_tta-shape-square vc_tta-o-shape-group vc_tta-controls-align-left vc_tta-o-no-fill\"><div class=\"vc_tta-panels-container\"><div class=\"vc_tta-panels\"><div class=\"vc_tta-panel vc_active\" id=\"1463994334150-ecfb986c-3f2b\" data-vc-content=\".vc_tta-panel-body\"><div class=\"vc_tta-panel-heading\"><h4 class=\"vc_tta-panel-title vc_tta-controls-icon-position-left\"><a href=\"#1463994334150-ecfb986c-3f2b\" data-vc-accordion data-vc-container=\".vc_tta-container\"><span class=\"vc_tta-title-text\">Lo yoga \u00e8 amore<\/span><i class=\"vc_tta-controls-icon vc_tta-controls-icon-plus\"><\/i><\/a><\/h4><\/div><div class=\"vc_tta-panel-body\">\n\t<div class=\"wpb_text_column wpb_content_element\" >\n\t\t<div class=\"wpb_wrapper\">\n\t\t\t<p>Lo yoga \u00e8 amore, unione, interconnessione: la connessione di tutte le parti del s\u00e9 con il S\u00e9. Sul piano terreno si traduce anche nella connessione con gli altri: il campo della relazione.<\/p>\n<p>Attraverso la,nostra pratica di asana ci guardiamo dentro; il mio compito \u00e8 di facilitare la vostra immersione in questo universo interiore che sono gli yogasana. Agisco come canale, con lo scopo   \ndi far s\u00ec che ciascuno di voi possa scoprire il proprio potenziale tramite la mia esperienza e la mia comprensione degli yogasana e degli insegnamenti dei miei maestri: Guruji, Geetaji, Prashantji e Abhijata Iyengar. E possa immergersi nelle profondit\u00e0 del proprio essere e trovare la luce e la comprensione in quei luoghi che sono spesso i pi\u00f9 oscuri. Siamo viaggiatori eroici e nobili. Esploriamo la nostra unicit\u00e0 nell\u2019unione!<\/p>\n\n\t\t<\/div>\n\t<\/div>\n<\/div><\/div><div class=\"vc_tta-panel\" id=\"1465630475679-a3f8973b-7c3c\" data-vc-content=\".vc_tta-panel-body\"><div class=\"vc_tta-panel-heading\"><h4 class=\"vc_tta-panel-title vc_tta-controls-icon-position-left\"><a href=\"#1465630475679-a3f8973b-7c3c\" data-vc-accordion data-vc-container=\".vc_tta-container\"><span class=\"vc_tta-title-text\">L\u2019Iyengar Yoga<\/span><i class=\"vc_tta-controls-icon vc_tta-controls-icon-plus\"><\/i><\/a><\/h4><\/div><div class=\"vc_tta-panel-body\">\n\t<div class=\"wpb_text_column wpb_content_element\" >\n\t\t<div class=\"wpb_wrapper\">\n\t\t\t<p>Il mio studio dell\u2019Iyengar Yoga ha avuto inizio a Londra, verso al fine degli anni \u201870, quando ero alla ricerca di \u201cqualcosa\u201d che potesse sostituire la danza, classica e contemporanea. Ho incontrato degli insegnanti meravigliosi, ai quali sono profondamente grata. Uno di loro mi sugger\u00ec di studiare alla fonte dello Iyengar Yoga: Sri B.K.S.Iyengar. Sua figlia, Geetaji, \u00e8 divenuta la mia insegnante principale, insieme con Prashantji, Sunitaji e Abhijata Iyengar (la nipote di Guruji).  Durante i soggiorni di studio che compio regolarmente Pune, in India, ho ricevuto gli insegnamenti di tutti loro. Nel 2007 ho ottenuto il certificato di insegnante Senior III.<\/p>\n<p>Per quasi 20 anni, dal 1999 fino alla fine del 2018, ho condiretto l\u2019Institut de Yoga Iyengar \u201cAnuttara\u201d  di Nizza, in Francia.<\/p>\n\n\t\t<\/div>\n\t<\/div>\n<\/div><\/div><div class=\"vc_tta-panel\" id=\"1463994307960-6ada41a7-30a6\" data-vc-content=\".vc_tta-panel-body\"><div class=\"vc_tta-panel-heading\"><h4 class=\"vc_tta-panel-title vc_tta-controls-icon-position-left\"><a href=\"#1463994307960-6ada41a7-30a6\" data-vc-accordion data-vc-container=\".vc_tta-container\"><span class=\"vc_tta-title-text\">Organizzare un seminario con me<\/span><i class=\"vc_tta-controls-icon vc_tta-controls-icon-plus\"><\/i><\/a><\/h4><\/div><div class=\"vc_tta-panel-body\">\n\t<div class=\"wpb_text_column wpb_content_element\" >\n\t\t<div class=\"wpb_wrapper\">\n\t\t\t<p class=\" translation-block\">Se siete insegnanti, o organizzate dei corsi, e vi piacerebbe invitarmi per un seminario, mandatemi una mail :<strong><a href=\"mailto:junewp@gmail.com\" target=\"_self\"> junewp@gmail.com<\/a><\/strong><\/p>\n\n\t\t<\/div>\n\t<\/div>\n<\/div><\/div><\/div><\/div><\/div><\/div><\/div><\/div><\/div><\/div><div class=\"vc_row-full-width vc_clearfix\"><\/div><div data-vc-full-width=\"true\" data-vc-full-width-init=\"false\" data-vc-parallax=\"1.5\" data-vc-parallax-image=\"https:\/\/junewhittaker.com\/wp-content\/uploads\/2020\/04\/june_home_bg_2.jpg\" class=\"vc_row wpb_row vc_row-fluid vc_row-has-fill vc_general vc_parallax vc_parallax-content-moving\"><div class=\"wpb_column vc_column_container vc_col-sm-12\"><div class=\"vc_column-inner vc_custom_1465557550526\"><div class=\"wpb_wrapper\"><\/div><\/div><\/div><div class=\"wpb_column vc_column_container vc_col-sm-12\"><div class=\"vc_column-inner\"><div class=\"wpb_wrapper\"><div class=\"vc_empty_space\"   style=\"height: 600px\"><span class=\"vc_empty_space_inner\"><\/span><\/div><\/div><\/div><\/div><\/div><div class=\"vc_row-full-width vc_clearfix\"><\/div>\n<\/section>","protected":false},"excerpt":{"rendered":"June WhittakerYOGI Perception tells me that yoga teachers are many different things to many different people. I could describe what it is for me in a myriad of different ways. [...]","protected":false},"author":1,"featured_media":0,"parent":0,"menu_order":0,"comment_status":"closed","ping_status":"closed","template":"","meta":{"footnotes":""},"_links":{"self":[{"href":"https:\/\/junewhittaker.com\/it\/wp-json\/wp\/v2\/pages\/5"}],"collection":[{"href":"https:\/\/junewhittaker.com\/it\/wp-json\/wp\/v2\/pages"}],"about":[{"href":"https:\/\/junewhittaker.com\/it\/wp-json\/wp\/v2\/types\/page"}],"author":[{"embeddable":true,"href":"https:\/\/junewhittaker.com\/it\/wp-json\/wp\/v2\/users\/1"}],"replies":[{"embeddable":true,"href":"https:\/\/junewhittaker.com\/it\/wp-json\/wp\/v2\/comments?post=5"}],"version-history":[{"count":39,"href":"https:\/\/junewhittaker.com\/it\/wp-json\/wp\/v2\/pages\/5\/revisions"}],"predecessor-version":[{"id":6668,"href":"https:\/\/junewhittaker.com\/it\/wp-json\/wp\/v2\/pages\/5\/revisions\/6668"}],"wp:attachment":[{"href":"https:\/\/junewhittaker.com\/it\/wp-json\/wp\/v2\/media?parent=5"}],"curies":[{"name":"wp","href":"https:\/\/api.w.org\/{rel}","templated":true}]}}